{"id":1155,"date":"2020-10-21T01:03:35","date_gmt":"2020-10-20T23:03:35","guid":{"rendered":"https:\/\/fattoriadimigliarino.it\/?page_id=1155"},"modified":"2021-02-02T12:44:00","modified_gmt":"2021-02-02T11:44:00","slug":"scoiattolo-2","status":"publish","type":"page","link":"http:\/\/fattoriadimigliarino.it\/fr\/home\/ospitalita\/appartamenti\/scoiattolo-2\/","title":{"rendered":"Scoiattolo"},"content":{"rendered":"<div class=\"vc_row wpb_row vc_row-fluid\"><div class=\"wpb_column vc_column_container vc_col-sm-9\"><div class=\"vc_column-inner\"><div class=\"wpb_wrapper\"><div id=\"ultimate-heading-434269e0494e11fdd\" class=\"uvc-heading ult-adjust-bottom-margin ultimate-heading-434269e0494e11fdd uvc-4242  uvc-heading-default-font-sizes\" data-hspacer=\"line_only\"  data-halign=\"center\" style=\"text-align:center\"><div class=\"uvc-main-heading ult-responsive\"  data-ultimate-target='.uvc-heading.ultimate-heading-434269e0494e11fdd h3'  data-responsive-json-new='{\"font-size\":\"\",\"line-height\":\"\"}' ><h3 style=\"--font-weight:theme;margin-top:-80px;margin-bottom:30px;\">Scoiattolo e Ghiro<\/h3><\/div><div class=\"uvc-heading-spacer line_only\" style=\"topheight:1px;\"><span class=\"uvc-headings-line\" style=\"border-style:solid;border-bottom-width:1px;border-color:#eeee22;width:40px;\"><\/span><\/div><div class=\"uvc-sub-heading ult-responsive\"  data-ultimate-target='.uvc-heading.ultimate-heading-434269e0494e11fdd .uvc-sub-heading '  data-responsive-json-new='{\"font-size\":\"\",\"line-height\":\"\"}'  style=\"font-weight:normal;margin-top:30px;\">Scoiattolo et Ghiro sont des appartements de deux pi\u00e8ces au rez-de-chauss\u00e9e avec une chambre double climatis\u00e9e et une salle de bain avec douche au premier \u00e9tage et une cuisine et un salon enti\u00e8rement \u00e9quip\u00e9s avec un canap\u00e9-lit au rez-de-chauss\u00e9e. Les deux appartements ont l'usage d'une partie de la v\u00e9randa avec table et chaises. Les appartements sont \u00e9quip\u00e9s d'un lave-vaisselle. Elles sont id\u00e9ales pour un couple ou une famille de 4 personnes.<\/div><\/div><style type=\"text\/css\" data-type=\"the7_shortcodes-inline-css\">.gallery-carousel-shortcode.gallery-carousel-shortcode-id-574e1f6031b72f94deb49aee7201315a .owl-nav a {\n  width: 36px;\n  height: 36px;\n  border-radius: 500px;\n}\n.dt-arrow-border-on.gallery-carousel-shortcode.gallery-carousel-shortcode-id-574e1f6031b72f94deb49aee7201315a .owl-nav a:not(:hover):before {\n  border-width: 0px;\n}\n.dt-arrow-hover-border-on.gallery-carousel-shortcode.gallery-carousel-shortcode-id-574e1f6031b72f94deb49aee7201315a .owl-nav a:hover:after {\n  border-width: 0px;\n}\n.gallery-carousel-shortcode.gallery-carousel-shortcode-id-574e1f6031b72f94deb49aee7201315a .owl-nav a.owl-prev {\n  top: 50%;\n  transform: translateY(calc(-50% + 0px));\n  left: -43px;\n}\n@media all and (-ms-high-contrast: none) {\n  .gallery-carousel-shortcode.gallery-carousel-shortcode-id-574e1f6031b72f94deb49aee7201315a .owl-nav a.owl-prev {\n    transform: translateY(-50%);\n    margin-top: 0px;\n  }\n}\n.gallery-carousel-shortcode.gallery-carousel-shortcode-id-574e1f6031b72f94deb49aee7201315a .owl-nav a.owl-prev i {\n  padding: 0px 0px 0px 0px;\n}\n.gallery-carousel-shortcode.gallery-carousel-shortcode-id-574e1f6031b72f94deb49aee7201315a .owl-nav a.owl-next {\n  top: 50%;\n  transform: translateY(calc(-50% + 0px));\n  right: -43px;\n}\n@media all and (-ms-high-contrast: none) {\n  .gallery-carousel-shortcode.gallery-carousel-shortcode-id-574e1f6031b72f94deb49aee7201315a .owl-nav a.owl-next {\n    transform: translateY(-50%);\n    margin-top: 0px;\n  }\n}\n.gallery-carousel-shortcode.gallery-carousel-shortcode-id-574e1f6031b72f94deb49aee7201315a .owl-nav a.owl-next i {\n  padding: 0px 0px 0px 0px;\n}\n.gallery-carousel-shortcode.gallery-carousel-shortcode-id-574e1f6031b72f94deb49aee7201315a .owl-nav i {\n  font-size: 18px;\n}\n.gallery-carousel-shortcode.gallery-carousel-shortcode-id-574e1f6031b72f94deb49aee7201315a .owl-nav a:not(:hover) i,\n.gallery-carousel-shortcode.gallery-carousel-shortcode-id-574e1f6031b72f94deb49aee7201315a .owl-nav a:not(:hover) i:before {\n  color: #ffffff;\n  background: none;\n}\n.gallery-carousel-shortcode.gallery-carousel-shortcode-id-574e1f6031b72f94deb49aee7201315a .owl-nav a:hover i,\n.gallery-carousel-shortcode.gallery-carousel-shortcode-id-574e1f6031b72f94deb49aee7201315a .owl-nav a:hover i:before {\n  color: rgba(255,255,255,0.75);\n  background: none;\n}\n.gallery-carousel-shortcode.gallery-carousel-shortcode-id-574e1f6031b72f94deb49aee7201315a .owl-dots {\n  top: calc(100% + 20px);\n  left: 50%;\n  transform: translateX(calc(-50% + 0px));\n}\n@media all and (-ms-high-contrast: none) {\n  .gallery-carousel-shortcode.gallery-carousel-shortcode-id-574e1f6031b72f94deb49aee7201315a .owl-dots {\n    transform: translateX(-50%);\n    margin-left: 0px;\n  }\n}\n.gallery-carousel-shortcode.gallery-carousel-shortcode-id-574e1f6031b72f94deb49aee7201315a .owl-dot {\n  width: 10px;\n  height: 10px;\n  margin: 0 8px;\n}\n@media screen and (max-width: 778px) {\n  .gallery-carousel-shortcode.gallery-carousel-shortcode-id-574e1f6031b72f94deb49aee7201315a.hide-arrows .owl-nav a {\n    display: none;\n  }\n}\n@media screen and (max-width: 778px) {\n  .gallery-carousel-shortcode.gallery-carousel-shortcode-id-574e1f6031b72f94deb49aee7201315a.reposition-arrows .owl-nav .owl-prev {\n    top: 50%;\n    transform: translateY(calc(-50% + 0px));\n    left: 10px;\n  }\n  .gallery-carousel-shortcode.gallery-carousel-shortcode-id-574e1f6031b72f94deb49aee7201315a.reposition-arrows .owl-nav .owl-next {\n    top: 50%;\n    transform: translateY(calc(-50% + 0px));\n    right: 10px;\n  }\n}\n@media screen and (max-width: 778px) and all and (-ms-high-contrast: none) {\n  .gallery-carousel-shortcode.gallery-carousel-shortcode-id-574e1f6031b72f94deb49aee7201315a.reposition-arrows .owl-nav .owl-prev {\n    transform: translateY(-50%);\n    margin-top: 0px;\n  }\n}\n@media screen and (max-width: 778px) and all and (-ms-high-contrast: none) {\n  .gallery-carousel-shortcode.gallery-carousel-shortcode-id-574e1f6031b72f94deb49aee7201315a.reposition-arrows .owl-nav .owl-next {\n    transform: translateY(-50%);\n    margin-top: 0px;\n  }\n}\n.gallery-carousel-shortcode.gallery-carousel-shortcode-id-574e1f6031b72f94deb49aee7201315a figure,\n.gallery-carousel-shortcode.gallery-carousel-shortcode-id-574e1f6031b72f94deb49aee7201315a .rollover,\n.gallery-carousel-shortcode.gallery-carousel-shortcode-id-574e1f6031b72f94deb49aee7201315a img,\n.gallery-carousel-shortcode.gallery-carousel-shortcode-id-574e1f6031b72f94deb49aee7201315a .gallery-rollover {\n  border-radius: 0px;\n}\n.gallery-carousel-shortcode.gallery-carousel-shortcode-id-574e1f6031b72f94deb49aee7201315a.enable-bg-rollover .gallery-rollover {\n  background: ;\n  background: -webkit-linear-gradient();\n  background: linear-gradient();\n}\n.gallery-carousel-shortcode.gallery-carousel-shortcode-id-574e1f6031b72f94deb49aee7201315a.enable-img-shadow figure {\n  box-shadow: ;\n}\n.gallery-carousel-shortcode.gallery-carousel-shortcode-id-574e1f6031b72f94deb49aee7201315a.enable-img-shadow .owl-stage-outer {\n  padding: 14px 0;\n}\n.gallery-carousel-shortcode.gallery-carousel-shortcode-id-574e1f6031b72f94deb49aee7201315a.enable-bg-rollover.hover-scale figure .rollover:after {\n  background: ;\n  background: -webkit-linear-gradient();\n  background: linear-gradient();\n}\n.gallery-carousel-shortcode.gallery-carousel-shortcode-id-574e1f6031b72f94deb49aee7201315a.gallery-shortcode .gallery-zoom-ico {\n  width: 44px;\n  height: 44px;\n  line-height: 44px;\n  border-radius: 100px;\n  margin: -22px 0 0 -22px;\n  border-width: 0px;\n}\n.dt-icon-bg-on.gallery-carousel-shortcode.gallery-carousel-shortcode-id-574e1f6031b72f94deb49aee7201315a.gallery-shortcode .gallery-zoom-ico {\n  background: rgba(255,255,255,0.3);\n  box-shadow: none;\n}\n.gallery-carousel-shortcode.gallery-carousel-shortcode-id-574e1f6031b72f94deb49aee7201315a.gallery-shortcode .gallery-zoom-ico:before,\n.gallery-carousel-shortcode.gallery-carousel-shortcode-id-574e1f6031b72f94deb49aee7201315a.gallery-shortcode .gallery-zoom-ico span {\n  font-size: 32px;\n  line-height: 44px;\n  color: #ffffff;\n  background: none;\n}\n<\/style><div class=\"owl-carousel gallery-carousel-shortcode gallery-shortcode  dt-gallery-container dt-owl-carousel-call gallery-carousel-shortcode-id-574e1f6031b72f94deb49aee7201315a quick-scale-img enable-bg-rollover meta-info-off dt-arrow-border-on dt-arrow-hover-border-on bullets-small-dot-stroke reposition-arrows dt-icon-bg-off arrows-bg-on disable-arrows-hover-bg arrows-hover-bg-on  vc_custom_1608120513571 hover-fade\" data-scroll-mode=\"1\" data-col-num=\"1\" data-wide-col-num=\"1\" data-laptop-col=\"1\" data-h-tablet-columns-num=\"1\" data-v-tablet-columns-num=\"1\" data-phone-columns-num=\"1\" data-col-gap=\"10\" data-stage-padding=\"0\" data-speed=\"600\" data-autoplay=\"true\" data-autoplay_speed=\"6000\" data-arrows=\"false\" data-bullet=\"false\" data-next-icon=\"icon-ar-017-r\" data-prev-icon=\"icon-ar-017-l\" data-img-shadow-size=\"12px\" data-img-shadow-spread=\"3px\"><div data-post-id=\"1504\" data-date=\"2020-12-16T13:08:14+01:00\" data-name=\"\"><figure class=\"post\"><a href=\"https:\/\/fattoriadimigliarino.it\/wp-content\/uploads\/2020\/12\/Ghiro-3-scaled.jpg\" class=\"rollover dt-pswp-item layzr-bg\" data-large_image_width=\"2560\" data-large_image_height=\"1920\" data-dt-img-description=\"\" ><img class=\"preload-me owl-lazy-load\" src=\"data:image\/svg+xml,%3Csvg%20xmlns%3D&#39;http%3A%2F%2Fwww.w3.org%2F2000%2Fsvg&#39;%20viewBox%3D&#39;0%200%201920%201920&#39;%2F%3E\" data-src=\"https:\/\/fattoriadimigliarino.it\/wp-content\/uploads\/2020\/12\/Ghiro-3-scaled-1920x1920.jpg\" data-srcset=\"https:\/\/fattoriadimigliarino.it\/wp-content\/uploads\/2020\/12\/Ghiro-3-scaled-1920x1920.jpg 1920w\" alt=\"\" width=\"1920\" height=\"1920\"  \/><span class=\"gallery-rollover\"><span class=\"gallery-zoom-ico icomoon-the7-font-the7-zoom-06\"><span><\/span><\/span><\/span><\/a><\/figure><\/div><div data-post-id=\"1505\" data-date=\"2020-12-16T13:08:21+01:00\" data-name=\"\"><figure class=\"post\"><a href=\"https:\/\/fattoriadimigliarino.it\/wp-content\/uploads\/2020\/12\/Scoiattolo-2-scaled.jpg\" class=\"rollover dt-pswp-item layzr-bg\" data-large_image_width=\"2560\" data-large_image_height=\"1920\" data-dt-img-description=\"\" ><img class=\"preload-me owl-lazy-load\" src=\"data:image\/svg+xml,%3Csvg%20xmlns%3D&#39;http%3A%2F%2Fwww.w3.org%2F2000%2Fsvg&#39;%20viewBox%3D&#39;0%200%201920%201920&#39;%2F%3E\" data-src=\"https:\/\/fattoriadimigliarino.it\/wp-content\/uploads\/2020\/12\/Scoiattolo-2-scaled-1920x1920.jpg\" data-srcset=\"https:\/\/fattoriadimigliarino.it\/wp-content\/uploads\/2020\/12\/Scoiattolo-2-scaled-1920x1920.jpg 1920w\" alt=\"\" width=\"1920\" height=\"1920\"  \/><span class=\"gallery-rollover\"><span class=\"gallery-zoom-ico icomoon-the7-font-the7-zoom-06\"><span><\/span><\/span><\/span><\/a><\/figure><\/div><\/div><\/div><\/div><\/div><div class=\"wpb_column vc_column_container vc_col-sm-3\"><div class=\"vc_column-inner vc_custom_1603222227101\"><div class=\"wpb_wrapper\"><div id=\"ultimate-heading-125969e0494e15f46\" class=\"uvc-heading ult-adjust-bottom-margin ultimate-heading-125969e0494e15f46 uvc-2766  uvc-heading-default-font-sizes\" data-hspacer=\"no_spacer\"  data-halign=\"center\" style=\"text-align:center\"><div class=\"uvc-heading-spacer no_spacer\" style=\"top\"><\/div><div class=\"uvc-main-heading ult-responsive\"  data-ultimate-target='.uvc-heading.ultimate-heading-125969e0494e15f46 h4'  data-responsive-json-new='{\"font-size\":\"\",\"line-height\":\"\"}' ><h4 style=\"--font-weight:theme;margin-top:100px;margin-bottom:40px;\">Contactez-nous pour v\u00e9rifier la disponibilit\u00e9<\/h4><\/div><\/div>\n\t<div class=\"wpb_text_column wpb_content_element\" >\n\t\t<div class=\"wpb_wrapper\">\n\t\t\t<div class=\"forminator-ui forminator-custom-form forminator-custom-form-1379 forminator-design--default forminator-enclosed forminator_ajax\" data-forminator-render=\"0\" data-form=\"forminator-module-1379\"><br\/><\/div><form\n\t\t\t\tid=\"forminator-module-1379\"\n\t\t\t\tclass=\"forminator-ui forminator-custom-form forminator-custom-form-1379 forminator-design--default forminator-enclosed forminator_ajax\"\n\t\t\t\taction=\"\"\n\t\t\t\tmethod=\"post\"\n\t\t\t\tdata-forminator-render=\"0\"\n\t\t\t\tdata-form-id=\"1379\"\n\t\t\t\t\n\t\t\t\tdata-design=\"default\"\n\t\t\t\t\n\t\t\t\t\n\t\t\t\t\n\t\t\t\tdata-grid=\"enclosed\"\n\t\t\t\t\n\t\t\t\t\n\t\t\t\tstyle=\"display: none;\" data-trp-original-action=\"\"\n\t\t\t><div class=\"forminator-response-message forminator-error\" aria-hidden=\"true\"><\/div><div class=\"forminator-row\"><div id=\"name-1\" class=\"forminator-col forminator-col-12\"><div class=\"forminator-field\"><label for=\"forminator-field-name-1\" class=\"forminator-label\">Nom et pr\u00e9nom <span class=\"forminator-required\">*<\/span><\/label><input type=\"text\" name=\"name-1\" value=\"\" placeholder=\"\" id=\"forminator-field-name-1\" class=\"forminator-input forminator-name--field\" aria-required=\"true\" \/><\/div><\/div><\/div><div class=\"forminator-row\"><div id=\"email-1\" class=\"forminator-col forminator-col-6\"><div class=\"forminator-field\"><label for=\"forminator-field-email-1\" class=\"forminator-label\">Email <span class=\"forminator-required\">*<\/span><\/label><input type=\"email\" name=\"email-1\" value=\"\" placeholder=\"\" id=\"forminator-field-email-1\" class=\"forminator-input forminator-email--field\" data-required=\"true\" aria-required=\"true\" \/><\/div><\/div><div id=\"phone-1\" class=\"forminator-col forminator-col-6\"><div class=\"forminator-field\"><label for=\"forminator-field-phone-1\" class=\"forminator-label\">Num\u00e9ro de t\u00e9l\u00e9phone <span class=\"forminator-required\">*<\/span><\/label><input type=\"text\" name=\"phone-1\" value=\"\" placeholder=\"\" id=\"forminator-field-phone-1\" class=\"forminator-input forminator-field--phone\" data-required=\"1\" aria-required=\"true\" autocomplete=\"off\" \/><\/div><\/div><\/div><div class=\"forminator-row\"><div id=\"date-1\" class=\"forminator-col forminator-col-6\"><div class=\"forminator-field\"><label for=\"forminator-field-date-1-picker-69e0494e1888b\" class=\"forminator-label\">Tir\u00e9 de<\/label><div class=\"forminator-input-with-icon\"><label for=\"forminator-field-date-1-picker-69e0494e1888b\"><span class=\"forminator-icon-calendar\" aria-hidden=\"true\"><\/span><\/label><input type=\"text\" size=\"1\" name=\"date-1\" value=\"\" placeholder=\"Choisissez la date d&#039;arriv\u00e9e\" id=\"forminator-field-date-1-picker-69e0494e1888b\" class=\"forminator-input forminator-datepicker\" data-required=\"\" data-format=\"dd\/mm\/yy\" data-restrict-type=\"\" data-restrict=\"\" data-start-year=\"1926\" data-end-year=\"2126\" data-past-dates=\"enable\" data-start-of-week=\"1\" data-start-date=\"\" data-end-date=\"\" data-start-field=\"\" data-end-field=\"\" data-start-offset=\"\" data-end-offset=\"\" data-disable-date=\"\" data-disable-range=\"\" \/><\/div><\/div><\/div><div id=\"date-2\" class=\"forminator-col forminator-col-6\"><div class=\"forminator-field\"><label for=\"forminator-field-date-2-picker-69e0494e188f5\" class=\"forminator-label\">Jusqu'\u00e0<\/label><div class=\"forminator-input-with-icon\"><label for=\"forminator-field-date-2-picker-69e0494e188f5\"><span class=\"forminator-icon-calendar\" aria-hidden=\"true\"><\/span><\/label><input type=\"text\" size=\"1\" name=\"date-2\" value=\"\" placeholder=\"Choisissez la date de d\u00e9part\" id=\"forminator-field-date-2-picker-69e0494e188f5\" class=\"forminator-input forminator-datepicker\" data-required=\"\" data-format=\"dd\/mm\/yy\" data-restrict-type=\"\" data-restrict=\"\" data-start-year=\"1926\" data-end-year=\"2126\" data-past-dates=\"enable\" data-start-of-week=\"1\" data-start-date=\"\" data-end-date=\"\" data-start-field=\"\" data-end-field=\"\" data-start-offset=\"\" data-end-offset=\"\" data-disable-date=\"\" data-disable-range=\"\" \/><\/div><\/div><\/div><\/div><div class=\"forminator-row\"><div id=\"select-1\" class=\"forminator-col forminator-col-12\"><div class=\"forminator-field\"><label for=\"select-1-field-field\" class=\"forminator-label\">Logement <span class=\"forminator-required\">*<\/span><\/label><div class=\"forminator-multiselect\"><label for=\"select-1-field-1-69e0494e1892c\" class=\"forminator-option\"><input type=\"checkbox\" name=\"select-1[]\" value=\"camera\" id=\"select-1-field-1-69e0494e1892c\" data-calculation=\"0\"  \/>Camera<\/label><label for=\"select-1-field-2-69e0494e1892c\" class=\"forminator-option\"><input type=\"checkbox\" name=\"select-1[]\" value=\"appartamento-riccio\" id=\"select-1-field-2-69e0494e1892c\" data-calculation=\"0\"  \/>Appartamento Riccio<\/label><label for=\"select-1-field-3-69e0494e1892c\" class=\"forminator-option\"><input type=\"checkbox\" name=\"select-1[]\" value=\"appartamento-scricciolo-e-raganella\" id=\"select-1-field-3-69e0494e1892c\" data-calculation=\"0\"  \/>Appartamento  Scricciolo e Raganella<\/label><label for=\"select-1-field-4-69e0494e1892c\" class=\"forminator-option\"><input type=\"checkbox\" name=\"select-1[]\" value=\"appartamento-scoiattolo-e-ghiro\" id=\"select-1-field-4-69e0494e1892c\" data-calculation=\"0\"  \/>Appartamento Scoiattolo e Ghiro<\/label><label for=\"select-1-field-5-69e0494e1892c\" class=\"forminator-option\"><input type=\"checkbox\" name=\"select-1[]\" value=\"appartamento-picchio\" id=\"select-1-field-5-69e0494e1892c\" data-calculation=\"0\"  \/>Appartamento Picchio<\/label><label for=\"select-1-field-6-69e0494e1892c\" class=\"forminator-option\"><input type=\"checkbox\" name=\"select-1[]\" value=\"appartamento-folaga\" id=\"select-1-field-6-69e0494e1892c\" data-calculation=\"0\"  \/>Appartamento Folaga<\/label><label for=\"select-1-field-7-69e0494e1892c\" class=\"forminator-option\"><input type=\"checkbox\" name=\"select-1[]\" value=\"appartamento-beccaccia-e-upupa\" id=\"select-1-field-7-69e0494e1892c\" data-calculation=\"0\"  \/>Appartamento Beccaccia e Upupa<\/label><label for=\"select-1-field-8-69e0494e1892c\" class=\"forminator-option\"><input type=\"checkbox\" name=\"select-1[]\" value=\"appartamento-ghiandaia\" id=\"select-1-field-8-69e0494e1892c\" data-calculation=\"0\"  \/>Appartamento Ghiandaia<\/label><label for=\"select-1-field-9-69e0494e1892c\" class=\"forminator-option\"><input type=\"checkbox\" name=\"select-1[]\" value=\"appartamento-gruccione\" id=\"select-1-field-9-69e0494e1892c\" data-calculation=\"0\"  \/>Appartamento Gruccione<\/label><input type='hidden' name='select-1-multiselect-default-values' class='multiselect-default-values' value='' \/><\/div><\/div><\/div><\/div><div class=\"forminator-row\"><div id=\"textarea-1\" class=\"forminator-col forminator-col-12\"><div class=\"forminator-field\"><label for=\"forminator-field-textarea-1\" class=\"forminator-label\">Message<\/label><textarea name=\"textarea-1\" placeholder=\"Inscrivez ici vos besoins\" id=\"forminator-field-textarea-1\" class=\"forminator-textarea\" height=\"50\" style=\"min-height:60px;\" maxlength=\"250\" ><\/textarea><span class=\"forminator-description\"><span data-limit=\"250\" data-type=\"characters\">0 \/ 250<\/span><\/span><\/div><\/div><\/div><div class=\"forminator-row\"><div id=\"gdprcheckbox-1\" class=\"forminator-col forminator-col-12\"><div class=\"forminator-field\"><label for=\"forminator-field-gdprcheckbox-1-69e0494e18ab7\" class=\"forminator-label\">Privacy <span class=\"forminator-required\">*<\/span><\/label><label for=\"forminator-field-gdprcheckbox-1-69e0494e18ab7\" class=\"forminator-checkbox\"><input type=\"checkbox\" name=\"gdprcheckbox-1\" value=\"true\" id=\"forminator-field-gdprcheckbox-1-69e0494e18ab7\" data-required=\"true\" aria-required=\"true\" \/><span aria-hidden=\"true\"><\/span><span><p>Oui, j'accepte la politique de confidentialit\u00e9 et ses conditions g\u00e9n\u00e9rales.<\/p><\/span><\/label><\/div><\/div><\/div><input type=\"hidden\" name=\"referer_url\" value=\"\" \/><div class=\"forminator-row forminator-row-last\"><div class=\"forminator-col\"><div id=\"submit\" class=\"forminator-field\"><button class=\"forminator-button forminator-button-submit form-style\">Envoyer<\/button><\/div><\/div><\/div><input type=\"hidden\" id=\"forminator_nonce\" name=\"forminator_nonce\" value=\"be8c0b71ec\" \/><input type=\"hidden\" name=\"_wp_http_referer\" value=\"\/fr\/wp-json\/wp\/v2\/pages\/1155\" \/><input type=\"hidden\" name=\"form_id\" value=\"1379\"><input type=\"hidden\" name=\"page_id\" value=\"1155\"><input type=\"hidden\" name=\"form_type\" value=\"default\"><input type=\"hidden\" name=\"current_url\" value=\"http:\/\/fattoriadimigliarino.it\/fr\/wp-json\/wp\/v2\/pages\/1155\/\"><input type=\"hidden\" name=\"render_id\" value=\"0\"><input type=\"hidden\" name=\"action\" value=\"forminator_submit_form_custom-forms\"><label for=\"input_9\" class=\"forminator-hidden\" aria-hidden=\"true\">Veuillez ne pas remplir ce champ. <input id=\"input_9\" type=\"text\" name=\"input_9\" value=\"\" autocomplete=\"off\"><\/label><input type=\"hidden\" name=\"trp-form-language\" value=\"fr\"\/><\/form>\n\n\t\t<\/div>\n\t<\/div>\n<\/div><\/div><\/div><\/div>","protected":false},"excerpt":{"rendered":"<p>Scoiattolo e GhiroLo Scoiattolo e il Ghiro sono bilocali terra-tetto con al primo piano camera matrimoniale con aria condizionata e bagno con doccia e al piano terra cucina attrezzata e salotto con divano letto. Entrambi gli appartamenti hanno l\u2019utilizzo di una parte di veranda con tavolo e sedie. Gli appartamenti sono dotati di lavastoviglie. Sono&hellip;<\/p>","protected":false},"author":1,"featured_media":0,"parent":1255,"menu_order":0,"comment_status":"closed","ping_status":"closed","template":"","meta":[],"yoast_head":"<!-- This site is optimized with the Yoast SEO plugin v16.2 - https:\/\/yoast.com\/wordpress\/plugins\/seo\/ -->\n<title>Scoiattolo - Fattoria di Migliarino<\/title>\n<meta name=\"robots\" content=\"index, follow, max-snippet:-1, max-image-preview:large, max-video-preview:-1\" \/>\n<link rel=\"canonical\" href=\"https:\/\/fattoriadimigliarino.it\/fr\/home\/ospitalita\/appartamenti\/scoiattolo-2\/\" \/>\n<meta property=\"og:locale\" content=\"fr_FR\" \/>\n<meta property=\"og:type\" content=\"article\" \/>\n<meta property=\"og:title\" content=\"Scoiattolo - Fattoria di Migliarino\" \/>\n<meta property=\"og:url\" content=\"https:\/\/fattoriadimigliarino.it\/fr\/home\/ospitalita\/appartamenti\/scoiattolo-2\/\" \/>\n<meta property=\"og:site_name\" content=\"Fattoria di Migliarino\" \/>\n<meta property=\"article:modified_time\" content=\"2021-02-02T11:44:00+00:00\" \/>\n<meta name=\"twitter:card\" content=\"summary_large_image\" \/>\n<meta name=\"twitter:label1\" content=\"Dur\u00e9e de lecture est.\">\n\t<meta name=\"twitter:data1\" content=\"1 minute\">\n<script type=\"application\/ld+json\" class=\"yoast-schema-graph\">{\"@context\":\"https:\/\/schema.org\",\"@graph\":[{\"@type\":\"WebSite\",\"@id\":\"https:\/\/fattoriadimigliarino.it\/#website\",\"url\":\"https:\/\/fattoriadimigliarino.it\/\",\"name\":\"Fattoria di Migliarino\",\"description\":\"\",\"potentialAction\":[{\"@type\":\"SearchAction\",\"target\":\"https:\/\/fattoriadimigliarino.it\/?s={search_term_string}\",\"query-input\":\"required name=search_term_string\"}],\"inLanguage\":\"fr-FR\"},{\"@type\":\"WebPage\",\"@id\":\"https:\/\/fattoriadimigliarino.it\/en\/home\/ospitalita\/appartamenti\/scoiattolo-2\/#webpage\",\"url\":\"https:\/\/fattoriadimigliarino.it\/en\/home\/ospitalita\/appartamenti\/scoiattolo-2\/\",\"name\":\"Scoiattolo - Fattoria di Migliarino\",\"isPartOf\":{\"@id\":\"https:\/\/fattoriadimigliarino.it\/#website\"},\"datePublished\":\"2020-10-20T23:03:35+00:00\",\"dateModified\":\"2021-02-02T11:44:00+00:00\",\"breadcrumb\":{\"@id\":\"https:\/\/fattoriadimigliarino.it\/en\/home\/ospitalita\/appartamenti\/scoiattolo-2\/#breadcrumb\"},\"inLanguage\":\"fr-FR\",\"potentialAction\":[{\"@type\":\"ReadAction\",\"target\":[\"https:\/\/fattoriadimigliarino.it\/en\/home\/ospitalita\/appartamenti\/scoiattolo-2\/\"]}]},{\"@type\":\"BreadcrumbList\",\"@id\":\"https:\/\/fattoriadimigliarino.it\/en\/home\/ospitalita\/appartamenti\/scoiattolo-2\/#breadcrumb\",\"itemListElement\":[{\"@type\":\"ListItem\",\"position\":1,\"item\":{\"@type\":\"WebPage\",\"@id\":\"https:\/\/fattoriadimigliarino.it\/it\/\",\"url\":\"https:\/\/fattoriadimigliarino.it\/it\/\",\"name\":\"Home\"}},{\"@type\":\"ListItem\",\"position\":2,\"item\":{\"@type\":\"WebPage\",\"@id\":\"https:\/\/fattoriadimigliarino.it\/it\/\",\"url\":\"https:\/\/fattoriadimigliarino.it\/it\/\",\"name\":\"Home\"}},{\"@type\":\"ListItem\",\"position\":3,\"item\":{\"@type\":\"WebPage\",\"@id\":\"https:\/\/fattoriadimigliarino.it\/en\/home\/ospitalita\/\",\"url\":\"https:\/\/fattoriadimigliarino.it\/en\/home\/ospitalita\/\",\"name\":\"Ospitalit\\u00e0\"}},{\"@type\":\"ListItem\",\"position\":4,\"item\":{\"@type\":\"WebPage\",\"@id\":\"https:\/\/fattoriadimigliarino.it\/en\/home\/ospitalita\/appartamenti\/\",\"url\":\"https:\/\/fattoriadimigliarino.it\/en\/home\/ospitalita\/appartamenti\/\",\"name\":\"Appartamenti\"}},{\"@type\":\"ListItem\",\"position\":5,\"item\":{\"@id\":\"https:\/\/fattoriadimigliarino.it\/en\/home\/ospitalita\/appartamenti\/scoiattolo-2\/#webpage\"}}]}]}<\/script>\n<!-- \/ Yoast SEO plugin. -->","_links":{"self":[{"href":"http:\/\/fattoriadimigliarino.it\/fr\/wp-json\/wp\/v2\/pages\/1155"}],"collection":[{"href":"http:\/\/fattoriadimigliarino.it\/fr\/wp-json\/wp\/v2\/pages"}],"about":[{"href":"http:\/\/fattoriadimigliarino.it\/fr\/wp-json\/wp\/v2\/types\/page"}],"author":[{"embeddable":true,"href":"http:\/\/fattoriadimigliarino.it\/fr\/wp-json\/wp\/v2\/users\/1"}],"replies":[{"embeddable":true,"href":"http:\/\/fattoriadimigliarino.it\/fr\/wp-json\/wp\/v2\/comments?post=1155"}],"version-history":[{"count":14,"href":"http:\/\/fattoriadimigliarino.it\/fr\/wp-json\/wp\/v2\/pages\/1155\/revisions"}],"predecessor-version":[{"id":1756,"href":"http:\/\/fattoriadimigliarino.it\/fr\/wp-json\/wp\/v2\/pages\/1155\/revisions\/1756"}],"up":[{"embeddable":true,"href":"http:\/\/fattoriadimigliarino.it\/fr\/wp-json\/wp\/v2\/pages\/1255"}],"wp:attachment":[{"href":"http:\/\/fattoriadimigliarino.it\/fr\/wp-json\/wp\/v2\/media?parent=1155"}],"curies":[{"name":"wp","href":"https:\/\/api.w.org\/{rel}","templated":true}]}}