{"id":1262,"date":"2020-11-23T12:21:17","date_gmt":"2020-11-23T11:21:17","guid":{"rendered":"https:\/\/fattoriadimigliarino.it\/?page_id=1262"},"modified":"2021-02-02T12:34:48","modified_gmt":"2021-02-02T11:34:48","slug":"training","status":"publish","type":"page","link":"http:\/\/fattoriadimigliarino.it\/fr\/home\/training\/","title":{"rendered":"S\u00e9minaire"},"content":{"rendered":"<div class=\"vc_row wpb_row vc_row-fluid\"><div class=\"wpb_column vc_column_container vc_col-sm-12\"><div class=\"vc_column-inner\"><div class=\"wpb_wrapper\"><div id=\"ultimate-heading-377769f5244d89a17\" class=\"uvc-heading ult-adjust-bottom-margin ultimate-heading-377769f5244d89a17 uvc-275  uvc-heading-default-font-sizes\" data-hspacer=\"no_spacer\"  data-halign=\"center\" style=\"text-align:center\"><div class=\"uvc-heading-spacer no_spacer\" style=\"top\"><\/div><div class=\"uvc-main-heading ult-responsive\"  data-ultimate-target='.uvc-heading.ultimate-heading-377769f5244d89a17 h2'  data-responsive-json-new='{\"font-size\":\"\",\"line-height\":\"\"}' ><h2 style=\"--font-weight:theme;margin-top:-80px;\">S\u00e9minaire<\/h2><\/div><\/div><\/div><\/div><\/div><\/div><div class=\"vc_row wpb_row vc_row-fluid\"><div class=\"wpb_column vc_column_container vc_col-sm-8\"><div class=\"vc_column-inner vc_custom_1608549945574\"><div class=\"wpb_wrapper\"><div id=\"ultimate-heading-784269f5244d8a393\" class=\"uvc-heading ult-adjust-bottom-margin ultimate-heading-784269f5244d8a393 uvc-8309  uvc-heading-default-font-sizes\" data-hspacer=\"no_spacer\"  data-halign=\"left\" style=\"text-align:left\"><div class=\"uvc-heading-spacer no_spacer\" style=\"top\"><\/div><div class=\"uvc-sub-heading ult-responsive\"  data-ultimate-target='.uvc-heading.ultimate-heading-784269f5244d8a393 .uvc-sub-heading '  data-responsive-json-new='{\"font-size\":\"\",\"line-height\":\"\"}'  style=\"font-weight:normal;\"><span style=\"font-family: Lato, sans-serif;\">Depuis 1997, profitant de la merveilleuse nature qui nous entoure et des possibilit\u00e9s qu'offrent les bois, le fleuve, la mer et la campagne, nous organisons la logistique des cours de formation en salle et en plein air. La structure est situ\u00e9e dans la partie priv\u00e9e du Parc Naturel de Migliarino, San Rossore, Massaciuccoli. Pour la logistique interne, il y a une grande salle de classe \u00e9quip\u00e9e de tables, de chaises et d'un projecteur selon les besoins. Les participants peuvent b\u00e9n\u00e9ficier d'un h\u00e9bergement et d'une nourriture dans nos locaux. Quant aux repas, ils peuvent \u00eatre organis\u00e9s avec des plats typiques de la Toscane, \u00e0 l'int\u00e9rieur de la structure et \u00e0 l'ext\u00e9rieur, \u00e0 200 m\u00e8tres, dans une excellente trattoria. <\/span><\/div><\/div><div id=\"ult-carousel-39265153769f5244d8a47c\" class=\"ult-carousel-wrapper  vc_custom_1608549760653  ult_horizontal\" data-gutter=\"15\" data-rtl=\"false\" ><div class=\"ult-carousel-197953159869f5244d8a450\" ><div class=\"ult-item-wrap\" data-animation=\"animated no-animation\"><style type=\"text\/css\" data-type=\"the7_shortcodes-inline-css\">.shortcode-single-image-wrap.shortcode-single-image-1f24d52c377dd08484a1e3e64f0a02a4.enable-bg-rollover .rollover i,\n.shortcode-single-image-wrap.shortcode-single-image-1f24d52c377dd08484a1e3e64f0a02a4.enable-bg-rollover .rollover-video i {\n  background: ;\n  background: -webkit-linear-gradient();\n  background: linear-gradient();\n}\n.shortcode-single-image-wrap.shortcode-single-image-1f24d52c377dd08484a1e3e64f0a02a4 .rollover-icon {\n  font-size: 32px;\n  color: #ffffff;\n  min-width: 44px;\n  min-height: 44px;\n  line-height: 44px;\n  border-radius: 100px;\n  border-style: solid;\n  border-width: 0px;\n}\n.dt-icon-bg-on.shortcode-single-image-wrap.shortcode-single-image-1f24d52c377dd08484a1e3e64f0a02a4 .rollover-icon {\n  background: rgba(255,255,255,0.3);\n  box-shadow: none;\n}\n<\/style><div class=\"shortcode-single-image-wrap shortcode-single-image-1f24d52c377dd08484a1e3e64f0a02a4 alignnone  enable-bg-rollover dt-icon-bg-off\" style=\"margin-top:0px; margin-bottom:0px; margin-left:0px; margin-right:0px; width:500px;\"><div class=\"shortcode-single-image\"><div class=\"fancy-media-wrap  layzr-bg\" style=\"\"><img class=\"preload-me lazy-load\" src=\"data:image\/svg+xml,%3Csvg%20xmlns%3D&#39;http%3A%2F%2Fwww.w3.org%2F2000%2Fsvg&#39;%20viewBox%3D&#39;0%200%20500%20327&#39;%2F%3E\" data-src=\"https:\/\/fattoriadimigliarino.it\/wp-content\/uploads\/2020\/12\/IMG_3436_DxO-scaled-500x327.jpg\" data-srcset=\"https:\/\/fattoriadimigliarino.it\/wp-content\/uploads\/2020\/12\/IMG_3436_DxO-scaled-500x327.jpg 500w, https:\/\/fattoriadimigliarino.it\/wp-content\/uploads\/2020\/12\/IMG_3436_DxO-scaled-1000x654.jpg 1000w\" width=\"500\" height=\"327\"  data-dt-location=\"http:\/\/fattoriadimigliarino.it\/fr\/home\/training\/img_3436_dxo\/\" style=\"\" alt=\"\" \/><\/div><\/div><\/div><\/div><div class=\"ult-item-wrap\" data-animation=\"animated no-animation\"><style type=\"text\/css\" data-type=\"the7_shortcodes-inline-css\">.shortcode-single-image-wrap.shortcode-single-image-b4380342ef6faa7e614e61d67520f428.enable-bg-rollover .rollover i,\n.shortcode-single-image-wrap.shortcode-single-image-b4380342ef6faa7e614e61d67520f428.enable-bg-rollover .rollover-video i {\n  background: ;\n  background: -webkit-linear-gradient();\n  background: linear-gradient();\n}\n.shortcode-single-image-wrap.shortcode-single-image-b4380342ef6faa7e614e61d67520f428 .rollover-icon {\n  font-size: 32px;\n  color: #ffffff;\n  min-width: 44px;\n  min-height: 44px;\n  line-height: 44px;\n  border-radius: 100px;\n  border-style: solid;\n  border-width: 0px;\n}\n.dt-icon-bg-on.shortcode-single-image-wrap.shortcode-single-image-b4380342ef6faa7e614e61d67520f428 .rollover-icon {\n  background: rgba(255,255,255,0.3);\n  box-shadow: none;\n}\n<\/style><div class=\"shortcode-single-image-wrap shortcode-single-image-b4380342ef6faa7e614e61d67520f428 alignnone  enable-bg-rollover dt-icon-bg-off\" style=\"margin-top:0px; margin-bottom:0px; margin-left:0px; margin-right:0px; width:500px;\"><div class=\"shortcode-single-image\"><div class=\"fancy-media-wrap  layzr-bg\" style=\"\"><img class=\"preload-me lazy-load\" src=\"data:image\/svg+xml,%3Csvg%20xmlns%3D&#39;http%3A%2F%2Fwww.w3.org%2F2000%2Fsvg&#39;%20viewBox%3D&#39;0%200%20500%20375&#39;%2F%3E\" data-src=\"https:\/\/fattoriadimigliarino.it\/wp-content\/uploads\/2020\/12\/IMG-0001-500x375.jpg\" data-srcset=\"https:\/\/fattoriadimigliarino.it\/wp-content\/uploads\/2020\/12\/IMG-0001-500x375.jpg 500w, https:\/\/fattoriadimigliarino.it\/wp-content\/uploads\/2020\/12\/IMG-0001-1000x750.jpg 1000w\" width=\"500\" height=\"375\"  data-dt-location=\"http:\/\/fattoriadimigliarino.it\/fr\/home\/training\/img-0001\/\" style=\"\" alt=\"\" \/><\/div><\/div><\/div><\/div><div class=\"ult-item-wrap\" data-animation=\"animated no-animation\"><style type=\"text\/css\" data-type=\"the7_shortcodes-inline-css\">.shortcode-single-image-wrap.shortcode-single-image-d378b5bfc78341fd2b9f64c38274308a.enable-bg-rollover .rollover i,\n.shortcode-single-image-wrap.shortcode-single-image-d378b5bfc78341fd2b9f64c38274308a.enable-bg-rollover .rollover-video i {\n  background: ;\n  background: -webkit-linear-gradient();\n  background: linear-gradient();\n}\n.shortcode-single-image-wrap.shortcode-single-image-d378b5bfc78341fd2b9f64c38274308a .rollover-icon {\n  font-size: 32px;\n  color: #ffffff;\n  min-width: 44px;\n  min-height: 44px;\n  line-height: 44px;\n  border-radius: 100px;\n  border-style: solid;\n  border-width: 0px;\n}\n.dt-icon-bg-on.shortcode-single-image-wrap.shortcode-single-image-d378b5bfc78341fd2b9f64c38274308a .rollover-icon {\n  background: rgba(255,255,255,0.3);\n  box-shadow: none;\n}\n<\/style><div class=\"shortcode-single-image-wrap shortcode-single-image-d378b5bfc78341fd2b9f64c38274308a alignnone  enable-bg-rollover dt-icon-bg-off\" style=\"margin-top:0px; margin-bottom:0px; margin-left:0px; margin-right:0px; width:500px;\"><div class=\"shortcode-single-image\"><div class=\"fancy-media-wrap  layzr-bg\" style=\"\"><img class=\"preload-me lazy-load\" src=\"data:image\/svg+xml,%3Csvg%20xmlns%3D&#39;http%3A%2F%2Fwww.w3.org%2F2000%2Fsvg&#39;%20viewBox%3D&#39;0%200%20500%20327&#39;%2F%3E\" data-src=\"https:\/\/fattoriadimigliarino.it\/wp-content\/uploads\/2020\/12\/IMG_3435_DxO-scaled-500x327.jpg\" data-srcset=\"https:\/\/fattoriadimigliarino.it\/wp-content\/uploads\/2020\/12\/IMG_3435_DxO-scaled-500x327.jpg 500w, https:\/\/fattoriadimigliarino.it\/wp-content\/uploads\/2020\/12\/IMG_3435_DxO-scaled-1000x654.jpg 1000w\" width=\"500\" height=\"327\"  data-dt-location=\"http:\/\/fattoriadimigliarino.it\/fr\/home\/training\/img_3435_dxo\/\" style=\"\" alt=\"\" \/><\/div><\/div><\/div><\/div><\/div><\/div>\t\t\t<script type=\"text\/javascript\">\n\t\t\t\tjQuery(document).ready(function ($) {\n\t\t\t\t\tif( typeof jQuery('.ult-carousel-197953159869f5244d8a450').slick == \"function\"){\n\t\t\t\t\t\t$('.ult-carousel-197953159869f5244d8a450').slick({dots: true,autoplay: true,autoplaySpeed: 5000,speed: 300,infinite: true,arrows: true,nextArrow: '<button type=\"button\" role=\"button\" aria-label=\"Next\" style=\"color:#333333; font-size:20px;\" class=\"slick-next default\"><i class=\"ultsl-arrow-right4\"><\/i><\/button>',prevArrow: '<button type=\"button\" role=\"button\" aria-label=\"Previous\" style=\"color:#333333; font-size:20px;\" class=\"slick-prev default\"><i class=\"ultsl-arrow-left4\"><\/i><\/button>',slidesToScroll:1,slidesToShow:1,swipe: true,draggable: true,touchMove: true,pauseOnHover: true,pauseOnFocus: false,responsive: [\n\t\t\t\t\t\t\t{\n\t\t\t\t\t\t\t  breakpoint: 1026,\n\t\t\t\t\t\t\t  settings: {\n\t\t\t\t\t\t\t\tslidesToShow: 1,\n\t\t\t\t\t\t\t\tslidesToScroll: 1,  \n\t\t\t\t\t\t\t  }\n\t\t\t\t\t\t\t},\n\t\t\t\t\t\t\t{\n\t\t\t\t\t\t\t  breakpoint: 1025,\n\t\t\t\t\t\t\t  settings: {\n\t\t\t\t\t\t\t\tslidesToShow: 1,\n\t\t\t\t\t\t\t\tslidesToScroll: 1\n\t\t\t\t\t\t\t  }\n\t\t\t\t\t\t\t},\n\t\t\t\t\t\t\t{\n\t\t\t\t\t\t\t  breakpoint: 760,\n\t\t\t\t\t\t\t  settings: {\n\t\t\t\t\t\t\t\tslidesToShow: 1,\n\t\t\t\t\t\t\t\tslidesToScroll: 1\n\t\t\t\t\t\t\t  }\n\t\t\t\t\t\t\t}\n\t\t\t\t\t\t],pauseOnDotsHover: true,customPaging: function(slider, i) {\n                   return '<i type=\"button\" style= \"color:#333333;\" class=\"ultsl-record\" data-role=\"none\"><\/i>';\n                },});\n\t\t\t\t\t}\n\t\t\t\t});\n\t\t\t<\/script>\n\t\t\t<\/div><\/div><\/div><div class=\"wpb_column vc_column_container vc_col-sm-4\"><div class=\"vc_column-inner\"><div class=\"wpb_wrapper\">\n\t<div class=\"wpb_text_column wpb_content_element\" >\n\t\t<div class=\"wpb_wrapper\">\n\t\t\t<p style=\"text-align: right;\"><div class=\"forminator-ui forminator-custom-form forminator-custom-form-1402 forminator-design--default  forminator_ajax\" data-forminator-render=\"0\" data-form=\"forminator-module-1402\"><br\/><\/div><form\n\t\t\t\tid=\"forminator-module-1402\"\n\t\t\t\tclass=\"forminator-ui forminator-custom-form forminator-custom-form-1402 forminator-design--default  forminator_ajax\"\n\t\t\t\taction=\"\"\n\t\t\t\tmethod=\"post\"\n\t\t\t\tdata-forminator-render=\"0\"\n\t\t\t\tdata-form-id=\"1402\"\n\t\t\t\t\n\t\t\t\tdata-design=\"default\"\n\t\t\t\t\n\t\t\t\t\n\t\t\t\t\n\t\t\t\tdata-grid=\"open\"\n\t\t\t\t\n\t\t\t\t\n\t\t\t\tstyle=\"display: none;\" data-trp-original-action=\"\"\n\t\t\t><div class=\"forminator-response-message forminator-error\" aria-hidden=\"true\"><\/div><div class=\"forminator-row\"><div id=\"name-1\" class=\"forminator-col forminator-col-6\"><div class=\"forminator-field\"><label for=\"forminator-field-name-1\" class=\"forminator-label\">Nom et pr\u00e9nom <span class=\"forminator-required\">*<\/span><\/label><input type=\"text\" name=\"name-1\" value=\"\" placeholder=\"\" id=\"forminator-field-name-1\" class=\"forminator-input forminator-name--field\" aria-required=\"true\" \/><\/div><\/div><div id=\"name-3\" class=\"forminator-col forminator-col-6\"><div class=\"forminator-field\"><label for=\"forminator-field-name-3\" class=\"forminator-label\">Soci\u00e9t\u00e9<\/label><input type=\"text\" name=\"name-3\" value=\"\" placeholder=\"\" id=\"forminator-field-name-3\" class=\"forminator-input forminator-name--field\" aria-required=\"false\" \/><\/div><\/div><\/div><div class=\"forminator-row\"><div id=\"email-1\" class=\"forminator-col forminator-col-6\"><div class=\"forminator-field\"><label for=\"forminator-field-email-1\" class=\"forminator-label\">Email  <span class=\"forminator-required\">*<\/span><\/label><input type=\"email\" name=\"email-1\" value=\"\" placeholder=\"\" id=\"forminator-field-email-1\" class=\"forminator-input forminator-email--field\" data-required=\"1\" aria-required=\"true\" \/><\/div><\/div><div id=\"phone-1\" class=\"forminator-col forminator-col-6\"><div class=\"forminator-field\"><label for=\"forminator-field-phone-1\" class=\"forminator-label\">Num\u00e9ro de t\u00e9l\u00e9phone<\/label><input type=\"text\" name=\"phone-1\" value=\"\" placeholder=\"\" id=\"forminator-field-phone-1\" class=\"forminator-input forminator-field--phone\" data-required=\"\" aria-required=\"false\" autocomplete=\"off\" \/><\/div><\/div><\/div><div class=\"forminator-row\"><div id=\"date-1\" class=\"forminator-col forminator-col-6\"><div class=\"forminator-field\"><label for=\"forminator-field-date-1-picker-69f5244d8e5dc\" class=\"forminator-label\">Tir\u00e9 de<\/label><div class=\"forminator-input-with-icon\"><label for=\"forminator-field-date-1-picker-69f5244d8e5dc\"><span class=\"forminator-icon-calendar\" aria-hidden=\"true\"><\/span><\/label><input type=\"text\" size=\"1\" name=\"date-1\" value=\"\" placeholder=\"\" id=\"forminator-field-date-1-picker-69f5244d8e5dc\" class=\"forminator-input forminator-datepicker\" data-required=\"\" data-format=\"dd\/mm\/yy\" data-restrict-type=\"\" data-restrict=\"\" data-start-year=\"1926\" data-end-year=\"2126\" data-past-dates=\"enable\" data-start-of-week=\"1\" data-start-date=\"\" data-end-date=\"\" data-start-field=\"\" data-end-field=\"\" data-start-offset=\"\" data-end-offset=\"\" data-disable-date=\"\" data-disable-range=\"\" \/><\/div><\/div><\/div><div id=\"date-2\" class=\"forminator-col forminator-col-6\"><div class=\"forminator-field\"><label for=\"forminator-field-date-2-picker-69f5244d8e644\" class=\"forminator-label\">Jusqu'\u00e0<\/label><div class=\"forminator-input-with-icon\"><label for=\"forminator-field-date-2-picker-69f5244d8e644\"><span class=\"forminator-icon-calendar\" aria-hidden=\"true\"><\/span><\/label><input type=\"text\" size=\"1\" name=\"date-2\" value=\"\" placeholder=\"\" id=\"forminator-field-date-2-picker-69f5244d8e644\" class=\"forminator-input forminator-datepicker\" data-required=\"\" data-format=\"dd\/mm\/yy\" data-restrict-type=\"\" data-restrict=\"\" data-start-year=\"1926\" data-end-year=\"2126\" data-past-dates=\"enable\" data-start-of-week=\"1\" data-start-date=\"\" data-end-date=\"\" data-start-field=\"\" data-end-field=\"\" data-start-offset=\"\" data-end-offset=\"\" data-disable-date=\"\" data-disable-range=\"\" \/><\/div><\/div><\/div><\/div><div class=\"forminator-row\"><div id=\"textarea-1\" class=\"forminator-col forminator-col-12\"><div class=\"forminator-field\"><label for=\"forminator-field-textarea-1\" class=\"forminator-label\">Informations compl\u00e9mentaires<\/label><textarea name=\"textarea-1\" placeholder=\"\" id=\"forminator-field-textarea-1\" class=\"forminator-textarea\" height=\"50\" style=\"min-height:px;\" maxlength=\"180\" ><\/textarea><span class=\"forminator-description\"><span data-limit=\"180\" data-type=\"characters\">0 \/ 180<\/span><\/span><\/div><\/div><\/div><div class=\"forminator-row\"><div id=\"gdprcheckbox-1\" class=\"forminator-col forminator-col-12\"><div class=\"forminator-field\"><label for=\"forminator-field-gdprcheckbox-1-69f5244d8e789\" class=\"forminator-label\">Privacy <span class=\"forminator-required\">*<\/span><\/label><label for=\"forminator-field-gdprcheckbox-1-69f5244d8e789\" class=\"forminator-checkbox\"><input type=\"checkbox\" name=\"gdprcheckbox-1\" value=\"true\" id=\"forminator-field-gdprcheckbox-1-69f5244d8e789\" data-required=\"true\" aria-required=\"true\" \/><span aria-hidden=\"true\"><\/span><span><p>Oui, j'accepte la politique de confidentialit\u00e9 et ses conditions g\u00e9n\u00e9rales.<\/p><\/span><\/label><\/div><\/div><\/div><input type=\"hidden\" name=\"referer_url\" value=\"\" \/><div class=\"forminator-row forminator-row-last\"><div class=\"forminator-col\"><div id=\"submit\" class=\"forminator-field\"><button class=\"forminator-button forminator-button-submit form-style\">Envoyer<\/button><\/div><\/div><\/div><input type=\"hidden\" id=\"forminator_nonce\" name=\"forminator_nonce\" value=\"8aa4d5eaac\" \/><input type=\"hidden\" name=\"_wp_http_referer\" value=\"\/fr\/wp-json\/wp\/v2\/pages\/1262\" \/><input type=\"hidden\" name=\"form_id\" value=\"1402\"><input type=\"hidden\" name=\"page_id\" value=\"1262\"><input type=\"hidden\" name=\"form_type\" value=\"default\"><input type=\"hidden\" name=\"current_url\" value=\"http:\/\/fattoriadimigliarino.it\/fr\/wp-json\/wp\/v2\/pages\/1262\/\"><input type=\"hidden\" name=\"render_id\" value=\"0\"><input type=\"hidden\" name=\"action\" value=\"forminator_submit_form_custom-forms\"><input type=\"hidden\" name=\"trp-form-language\" value=\"fr\"\/><\/form><\/p>\n\n\t\t<\/div>\n\t<\/div>\n<\/div><\/div><\/div><\/div>","protected":false},"excerpt":{"rendered":"<p>TrainingDal 1997, avvalendoci della meravigliosa natura che ci circonda e delle opportunit\u00e0 che bosco, fiume, mare e campagna ci forniscono, organizziamo la logistica per corsi di formazione in-door e out-door. La struttura sorge all\u2019interno della parte privata del Parco Naturale di Migliarino, San Rossore, Massaciuccoli. Per la logistica interna, \u00e8 a disposizione una grande aula&hellip;<\/p>","protected":false},"author":2,"featured_media":0,"parent":5,"menu_order":0,"comment_status":"closed","ping_status":"closed","template":"","meta":[],"yoast_head":"<!-- This site is optimized with the Yoast SEO plugin v16.2 - https:\/\/yoast.com\/wordpress\/plugins\/seo\/ -->\n<title>Training - Fattoria di Migliarino<\/title>\n<meta name=\"robots\" content=\"index, follow, max-snippet:-1, max-image-preview:large, max-video-preview:-1\" \/>\n<link rel=\"canonical\" href=\"https:\/\/fattoriadimigliarino.it\/fr\/home\/training\/\" \/>\n<meta property=\"og:locale\" content=\"fr_FR\" \/>\n<meta property=\"og:type\" content=\"article\" \/>\n<meta property=\"og:title\" content=\"Training - Fattoria di Migliarino\" \/>\n<meta property=\"og:url\" content=\"https:\/\/fattoriadimigliarino.it\/fr\/home\/training\/\" \/>\n<meta property=\"og:site_name\" content=\"Fattoria di Migliarino\" \/>\n<meta property=\"article:modified_time\" content=\"2021-02-02T11:34:48+00:00\" \/>\n<meta name=\"twitter:card\" content=\"summary_large_image\" \/>\n<meta name=\"twitter:label1\" content=\"Dur\u00e9e de lecture est.\">\n\t<meta name=\"twitter:data1\" content=\"1 minute\">\n<script type=\"application\/ld+json\" class=\"yoast-schema-graph\">{\"@context\":\"https:\/\/schema.org\",\"@graph\":[{\"@type\":\"WebSite\",\"@id\":\"https:\/\/fattoriadimigliarino.it\/#website\",\"url\":\"https:\/\/fattoriadimigliarino.it\/\",\"name\":\"Fattoria di Migliarino\",\"description\":\"\",\"potentialAction\":[{\"@type\":\"SearchAction\",\"target\":\"https:\/\/fattoriadimigliarino.it\/?s={search_term_string}\",\"query-input\":\"required name=search_term_string\"}],\"inLanguage\":\"fr-FR\"},{\"@type\":\"WebPage\",\"@id\":\"https:\/\/fattoriadimigliarino.it\/en\/home\/training\/#webpage\",\"url\":\"https:\/\/fattoriadimigliarino.it\/en\/home\/training\/\",\"name\":\"Training - Fattoria di Migliarino\",\"isPartOf\":{\"@id\":\"https:\/\/fattoriadimigliarino.it\/#website\"},\"datePublished\":\"2020-11-23T11:21:17+00:00\",\"dateModified\":\"2021-02-02T11:34:48+00:00\",\"breadcrumb\":{\"@id\":\"https:\/\/fattoriadimigliarino.it\/en\/home\/training\/#breadcrumb\"},\"inLanguage\":\"fr-FR\",\"potentialAction\":[{\"@type\":\"ReadAction\",\"target\":[\"https:\/\/fattoriadimigliarino.it\/en\/home\/training\/\"]}]},{\"@type\":\"BreadcrumbList\",\"@id\":\"https:\/\/fattoriadimigliarino.it\/en\/home\/training\/#breadcrumb\",\"itemListElement\":[{\"@type\":\"ListItem\",\"position\":1,\"item\":{\"@type\":\"WebPage\",\"@id\":\"https:\/\/fattoriadimigliarino.it\/it\/\",\"url\":\"https:\/\/fattoriadimigliarino.it\/it\/\",\"name\":\"Home\"}},{\"@type\":\"ListItem\",\"position\":2,\"item\":{\"@type\":\"WebPage\",\"@id\":\"https:\/\/fattoriadimigliarino.it\/it\/\",\"url\":\"https:\/\/fattoriadimigliarino.it\/it\/\",\"name\":\"Home\"}},{\"@type\":\"ListItem\",\"position\":3,\"item\":{\"@id\":\"https:\/\/fattoriadimigliarino.it\/en\/home\/training\/#webpage\"}}]}]}<\/script>\n<!-- \/ Yoast SEO plugin. -->","_links":{"self":[{"href":"http:\/\/fattoriadimigliarino.it\/fr\/wp-json\/wp\/v2\/pages\/1262"}],"collection":[{"href":"http:\/\/fattoriadimigliarino.it\/fr\/wp-json\/wp\/v2\/pages"}],"about":[{"href":"http:\/\/fattoriadimigliarino.it\/fr\/wp-json\/wp\/v2\/types\/page"}],"author":[{"embeddable":true,"href":"http:\/\/fattoriadimigliarino.it\/fr\/wp-json\/wp\/v2\/users\/2"}],"replies":[{"embeddable":true,"href":"http:\/\/fattoriadimigliarino.it\/fr\/wp-json\/wp\/v2\/comments?post=1262"}],"version-history":[{"count":16,"href":"http:\/\/fattoriadimigliarino.it\/fr\/wp-json\/wp\/v2\/pages\/1262\/revisions"}],"predecessor-version":[{"id":1744,"href":"http:\/\/fattoriadimigliarino.it\/fr\/wp-json\/wp\/v2\/pages\/1262\/revisions\/1744"}],"up":[{"embeddable":true,"href":"http:\/\/fattoriadimigliarino.it\/fr\/wp-json\/wp\/v2\/pages\/5"}],"wp:attachment":[{"href":"http:\/\/fattoriadimigliarino.it\/fr\/wp-json\/wp\/v2\/media?parent=1262"}],"curies":[{"name":"wp","href":"https:\/\/api.w.org\/{rel}","templated":true}]}}