{"id":1671,"date":"2021-01-25T12:38:00","date_gmt":"2021-01-25T11:38:00","guid":{"rendered":"https:\/\/fattoriadimigliarino.it\/?page_id=1671"},"modified":"2021-03-23T11:49:23","modified_gmt":"2021-03-23T10:49:23","slug":"fuori-porta","status":"publish","type":"page","link":"http:\/\/fattoriadimigliarino.it\/fr\/fuori-porta\/","title":{"rendered":"Sortie"},"content":{"rendered":"<div class=\"vc_row wpb_row vc_row-fluid vc_custom_1612946517354\"><div class=\"wpb_column vc_column_container vc_col-sm-12\"><div class=\"vc_column-inner\"><div class=\"wpb_wrapper\"><div id=\"ultimate-heading-521769e88e2c5893a\" class=\"uvc-heading ult-adjust-bottom-margin ultimate-heading-521769e88e2c5893a uvc-3402  uvc-heading-default-font-sizes\" data-hspacer=\"no_spacer\"  data-halign=\"center\" style=\"text-align:center\"><div class=\"uvc-heading-spacer no_spacer\" style=\"top\"><\/div><div class=\"uvc-main-heading ult-responsive\"  data-ultimate-target='.uvc-heading.ultimate-heading-521769e88e2c5893a h2'  data-responsive-json-new='{\"font-size\":\"\",\"line-height\":\"\"}' ><h2 style=\"--font-weight:theme;margin-top:-80px;\">Sortie<\/h2><\/div><\/div><div class=\"vc_row wpb_row vc_inner vc_row-fluid\"><div class=\"wpb_column vc_column_container vc_col-sm-6\"><div class=\"vc_column-inner vc_custom_1612946285947\"><div class=\"wpb_wrapper\"><style type=\"text\/css\" data-type=\"the7_shortcodes-inline-css\">.shortcode-single-image-wrap.shortcode-single-image-f4e24a44469c35d188163c7b0130a42f.enable-bg-rollover .rollover i,\n.shortcode-single-image-wrap.shortcode-single-image-f4e24a44469c35d188163c7b0130a42f.enable-bg-rollover .rollover-video i {\n  background: ;\n  background: -webkit-linear-gradient();\n  background: linear-gradient();\n}\n.shortcode-single-image-wrap.shortcode-single-image-f4e24a44469c35d188163c7b0130a42f .rollover-icon {\n  font-size: 32px;\n  color: #ffffff;\n  min-width: 44px;\n  min-height: 44px;\n  line-height: 44px;\n  border-radius: 100px;\n  border-style: solid;\n  border-width: 0px;\n}\n.dt-icon-bg-on.shortcode-single-image-wrap.shortcode-single-image-f4e24a44469c35d188163c7b0130a42f .rollover-icon {\n  background: rgba(255,255,255,0.3);\n  box-shadow: none;\n}\n<\/style><div class=\"shortcode-single-image-wrap shortcode-single-image-f4e24a44469c35d188163c7b0130a42f alignnone  enable-bg-rollover dt-icon-bg-off\" style=\"margin-top:0px; margin-bottom:0px; margin-left:0px; margin-right:0px; width:500px;\"><div class=\"shortcode-single-image\"><div class=\"fancy-media-wrap  layzr-bg\" style=\"\"><img class=\"preload-me lazy-load\" src=\"data:image\/svg+xml,%3Csvg%20xmlns%3D&#39;http%3A%2F%2Fwww.w3.org%2F2000%2Fsvg&#39;%20viewBox%3D&#39;0%200%20500%20375&#39;%2F%3E\" data-src=\"https:\/\/fattoriadimigliarino.it\/wp-content\/uploads\/2021\/02\/Pisa-500x375.jpeg\" data-srcset=\"https:\/\/fattoriadimigliarino.it\/wp-content\/uploads\/2021\/02\/Pisa-500x375.jpeg 500w, https:\/\/fattoriadimigliarino.it\/wp-content\/uploads\/2021\/02\/Pisa-1000x750.jpeg 1000w\" width=\"500\" height=\"375\"  data-dt-location=\"http:\/\/fattoriadimigliarino.it\/fr\/fuori-porta\/pisa\/\" style=\"\" alt=\"\" \/><\/div><\/div><\/div>\n\t<div class=\"wpb_text_column wpb_content_element  vc_custom_1616148885384\" >\n\t\t<div class=\"wpb_wrapper\">\n\t\t\t<p><span style=\"font-family: Lato, sans-serif;\">Pour ceux qui pr\u00e9f\u00e8rent la mer et le plaisir, de cette oasis de tranquillit\u00e9, peuvent profiter de la plage gratuite et \u00e9quip\u00e9e de sable fin de <strong>Marina di Vecchiano<\/strong> et ceux de <strong>Tirrenia<\/strong> et le <strong>Versilia<\/strong> avec <strong>Forte dei Marmi<\/strong>.<br \/>\nPour ceux qui veulent combiner d\u00e9tente et sport, une autre destination est la suivante <strong>San Giuliano Terme<\/strong> (13 Km), connu pour ses thermes uniques, gr\u00e2ce aux services et au lieu o\u00f9 ils sont situ\u00e9s, c'est-\u00e0-dire le palais d'\u00e9t\u00e9 du Grand Duc de Toscane et pour les descentes pour les amateurs de parapente. <\/span><\/p>\n<p><a name=\"_Hlk61431457\"><\/a><span style=\"font-family: Lato, sans-serif;\">Pour les amoureux de la montagne, en plus de la<strong>Appenino Tosco-Emiliano<\/strong> (90 Km), nous recommandons le <strong>Passo dell\u2019Abetone<\/strong> (85 Km) pour profiter du ski, du rafting et de nombreuses autres activit\u00e9s. <\/span><\/p>\n<p><span style=\"font-family: Lato, sans-serif;\">Pour les amateurs de golf, il existe 4 parcours de 18 trous dans un rayon de 50 km.<\/span><\/p>\n<p><span style=\"font-family: Lato, sans-serif;\">Enfin, \u00e0 l'int\u00e9rieur du Domaine et du Parc, il y a de nombreuses activit\u00e9s sportives telles que l'\u00e9quitation, le tennis, le football \u00e0 cinq, le cano\u00eb, la voile, la p\u00eache et la randonn\u00e9e ou le VTT.<\/span><\/p>\n<p><span style=\"font-family: Lato, sans-serif;\">\u00a0<\/span><\/p>\n\n\t\t<\/div>\n\t<\/div>\n<style type=\"text\/css\" data-type=\"the7_shortcodes-inline-css\">.shortcode-single-image-wrap.shortcode-single-image-8403c9ecee404dba79b4ff0178f6282d.enable-bg-rollover .rollover i,\n.shortcode-single-image-wrap.shortcode-single-image-8403c9ecee404dba79b4ff0178f6282d.enable-bg-rollover .rollover-video i {\n  background: ;\n  background: -webkit-linear-gradient();\n  background: linear-gradient();\n}\n.shortcode-single-image-wrap.shortcode-single-image-8403c9ecee404dba79b4ff0178f6282d .rollover-icon {\n  font-size: 32px;\n  color: #ffffff;\n  min-width: 44px;\n  min-height: 44px;\n  line-height: 44px;\n  border-radius: 100px;\n  border-style: solid;\n  border-width: 0px;\n}\n.dt-icon-bg-on.shortcode-single-image-wrap.shortcode-single-image-8403c9ecee404dba79b4ff0178f6282d .rollover-icon {\n  background: rgba(255,255,255,0.3);\n  box-shadow: none;\n}\n<\/style><div class=\"shortcode-single-image-wrap shortcode-single-image-8403c9ecee404dba79b4ff0178f6282d alignnone  enable-bg-rollover dt-icon-bg-off\" style=\"margin-top:0px; margin-bottom:0px; margin-left:0px; margin-right:0px; width:500px;\"><div class=\"shortcode-single-image\"><div class=\"fancy-media-wrap  layzr-bg\" style=\"\"><img class=\"preload-me lazy-load\" src=\"data:image\/svg+xml,%3Csvg%20xmlns%3D&#39;http%3A%2F%2Fwww.w3.org%2F2000%2Fsvg&#39;%20viewBox%3D&#39;0%200%20500%20370&#39;%2F%3E\" data-src=\"https:\/\/fattoriadimigliarino.it\/wp-content\/uploads\/2021\/02\/Lucca-con-i-bambini-cover-500x370.jpg\" data-srcset=\"https:\/\/fattoriadimigliarino.it\/wp-content\/uploads\/2021\/02\/Lucca-con-i-bambini-cover-500x370.jpg 500w, https:\/\/fattoriadimigliarino.it\/wp-content\/uploads\/2021\/02\/Lucca-con-i-bambini-cover.jpg 600w\" width=\"500\" height=\"370\"  data-dt-location=\"http:\/\/fattoriadimigliarino.it\/fr\/fuori-porta\/lucca-con-i-bambini-cover\/\" style=\"\" alt=\"\" \/><\/div><\/div><\/div><\/div><\/div><\/div><div class=\"wpb_column vc_column_container vc_col-sm-6\"><div class=\"vc_column-inner\"><div class=\"wpb_wrapper\">\n\t<div class=\"wpb_text_column wpb_content_element  vc_custom_1616496557492\" >\n\t\t<div class=\"wpb_wrapper\">\n\t\t\t<p><span style=\"font-family: Lato, sans-serif;\"><strong>Migliarino<\/strong> est au centre d'une s\u00e9rie d'itin\u00e9raires artistiques, culturels et sportifs. La structure est proche de nombreuses destinations quotidiennes, notamment <strong>Pisa<\/strong> (7 Km), o\u00f9 vous pourrez admirer la c\u00e9l\u00e8bre tour pench\u00e9e, les villes m\u00e9di\u00e9vales de <strong>Lucca<\/strong> (15 Km), o\u00f9 se d\u00e9roule entre octobre et novembre l'une des plus grandes foires internationales consacr\u00e9es \u00e0 la bande dessin\u00e9e, le Lucca Comics, <strong>Volterra<\/strong> (80 Km),<strong> San<\/strong> <strong>Gimignano<\/strong> (90 Km) et <strong>Siena<\/strong> (120 km), cette derni\u00e8re \u00e9tant \u00e9galement connue pour le Palio. Non loin de l\u00e0, vous pourrez visiter le berceau de la Renaissance, <strong>Firenze<\/strong> (80 km), et sa campagne environnante o\u00f9 vous pourrez d\u00e9guster les meilleurs vins toscans. Les autres lieux d'int\u00e9r\u00eat \u00e0 proximit\u00e9 sont, <strong>Torre del Lago<\/strong> (8 Km) c\u00e9l\u00e8bre pour le festival <strong>Pucciniano<\/strong>, <strong>Viareggio<\/strong> (15 Km) et son Carnaval, <strong>Pietrasanta<\/strong> (32 Km) avec ses expositions et ses galeries d'art et <strong>Carrara<\/strong> (40 Km) pour ses carri\u00e8res de marbre.<br \/>\n<\/span><\/p>\n\n\t\t<\/div>\n\t<\/div>\n<style type=\"text\/css\" data-type=\"the7_shortcodes-inline-css\">.shortcode-single-image-wrap.shortcode-single-image-71168bdb0b34e2678be2b8b8e36c54ac.enable-bg-rollover .rollover i,\n.shortcode-single-image-wrap.shortcode-single-image-71168bdb0b34e2678be2b8b8e36c54ac.enable-bg-rollover .rollover-video i {\n  background: ;\n  background: -webkit-linear-gradient();\n  background: linear-gradient();\n}\n.shortcode-single-image-wrap.shortcode-single-image-71168bdb0b34e2678be2b8b8e36c54ac .rollover-icon {\n  font-size: 32px;\n  color: #ffffff;\n  min-width: 44px;\n  min-height: 44px;\n  line-height: 44px;\n  border-radius: 100px;\n  border-style: solid;\n  border-width: 0px;\n}\n.dt-icon-bg-on.shortcode-single-image-wrap.shortcode-single-image-71168bdb0b34e2678be2b8b8e36c54ac .rollover-icon {\n  background: rgba(255,255,255,0.3);\n  box-shadow: none;\n}\n<\/style><div class=\"shortcode-single-image-wrap shortcode-single-image-71168bdb0b34e2678be2b8b8e36c54ac alignnone  vc_custom_1612862048707 enable-bg-rollover dt-icon-bg-off\" ><div class=\"shortcode-single-image\"><div class=\"fancy-media-wrap  layzr-bg\" style=\"\"><img class=\"preload-me lazy-load\" src=\"data:image\/svg+xml,%3Csvg%20xmlns%3D&#39;http%3A%2F%2Fwww.w3.org%2F2000%2Fsvg&#39;%20viewBox%3D&#39;0%200%20500%20375&#39;%2F%3E\" data-src=\"https:\/\/fattoriadimigliarino.it\/wp-content\/uploads\/2021\/01\/IMG-6069-scaled-500x375.jpg\" data-srcset=\"https:\/\/fattoriadimigliarino.it\/wp-content\/uploads\/2021\/01\/IMG-6069-scaled-500x375.jpg 500w, https:\/\/fattoriadimigliarino.it\/wp-content\/uploads\/2021\/01\/IMG-6069-scaled-1000x750.jpg 1000w\" width=\"500\" height=\"375\"  data-dt-location=\"http:\/\/fattoriadimigliarino.it\/fr\/fuori-porta\/img-6069\/\" style=\"\" alt=\"\" \/><\/div><\/div><\/div><style type=\"text\/css\" data-type=\"the7_shortcodes-inline-css\">.shortcode-single-image-wrap.shortcode-single-image-57feb7d530b9f75057ebfa372a706354.enable-bg-rollover .rollover i,\n.shortcode-single-image-wrap.shortcode-single-image-57feb7d530b9f75057ebfa372a706354.enable-bg-rollover .rollover-video i {\n  background: ;\n  background: -webkit-linear-gradient();\n  background: linear-gradient();\n}\n.shortcode-single-image-wrap.shortcode-single-image-57feb7d530b9f75057ebfa372a706354 .rollover-icon {\n  font-size: 32px;\n  color: #ffffff;\n  min-width: 44px;\n  min-height: 44px;\n  line-height: 44px;\n  border-radius: 100px;\n  border-style: solid;\n  border-width: 0px;\n}\n.dt-icon-bg-on.shortcode-single-image-wrap.shortcode-single-image-57feb7d530b9f75057ebfa372a706354 .rollover-icon {\n  background: rgba(255,255,255,0.3);\n  box-shadow: none;\n}\n<\/style><div class=\"shortcode-single-image-wrap shortcode-single-image-57feb7d530b9f75057ebfa372a706354 alignnone  vc_custom_1616150316575 enable-bg-rollover dt-icon-bg-off\" ><div class=\"shortcode-single-image\"><div class=\"fancy-media-wrap  layzr-bg\" style=\"\"><img class=\"preload-me lazy-load\" src=\"data:image\/svg+xml,%3Csvg%20xmlns%3D&#39;http%3A%2F%2Fwww.w3.org%2F2000%2Fsvg&#39;%20viewBox%3D&#39;0%200%20500%20333&#39;%2F%3E\" data-src=\"https:\/\/fattoriadimigliarino.it\/wp-content\/uploads\/2021\/03\/Fuoriporta_-cavalli-scaled-500x333.jpg\" data-srcset=\"https:\/\/fattoriadimigliarino.it\/wp-content\/uploads\/2021\/03\/Fuoriporta_-cavalli-scaled-500x333.jpg 500w, https:\/\/fattoriadimigliarino.it\/wp-content\/uploads\/2021\/03\/Fuoriporta_-cavalli-scaled-1000x666.jpg 1000w\" width=\"500\" height=\"333\"  data-dt-location=\"http:\/\/fattoriadimigliarino.it\/fr\/fuori-porta\/fuoriporta_-cavalli\/\" style=\"\" alt=\"\" \/><\/div><\/div><\/div><\/div><\/div><\/div><\/div><\/div><\/div><\/div><\/div>","protected":false},"excerpt":{"rendered":"<p>Fuori Porta Per chi preferisce il mare ed il divertimento, da questa oasi di tranquillit\u00e0, pu\u00f2 usufruire della spiaggia libera ed attrezzata di sabbia fine di Marina di Vecchiano e di quelle di Tirrenia e della Versilia con Forte dei Marmi. Per chi vuole combinare relax e sport, altra meta \u00e8 San Giuliano Terme (13&hellip;<\/p>","protected":false},"author":1,"featured_media":0,"parent":0,"menu_order":0,"comment_status":"closed","ping_status":"closed","template":"","meta":[],"yoast_head":"<!-- This site is optimized with the Yoast SEO plugin v16.2 - https:\/\/yoast.com\/wordpress\/plugins\/seo\/ -->\n<title>Fuori Porta - Fattoria di Migliarino<\/title>\n<meta name=\"robots\" content=\"index, follow, max-snippet:-1, max-image-preview:large, max-video-preview:-1\" \/>\n<link rel=\"canonical\" href=\"http:\/\/fattoriadimigliarino.it\/fr\/fuori-porta\/\" \/>\n<meta property=\"og:locale\" content=\"fr_FR\" \/>\n<meta property=\"og:type\" content=\"article\" \/>\n<meta property=\"og:title\" content=\"Fuori Porta - Fattoria di Migliarino\" \/>\n<meta property=\"og:url\" content=\"http:\/\/fattoriadimigliarino.it\/fr\/fuori-porta\/\" \/>\n<meta property=\"og:site_name\" content=\"Fattoria di Migliarino\" \/>\n<meta property=\"article:modified_time\" content=\"2021-03-23T10:49:23+00:00\" \/>\n<meta name=\"twitter:card\" content=\"summary_large_image\" \/>\n<meta name=\"twitter:label1\" content=\"Dur\u00e9e de lecture est.\">\n\t<meta name=\"twitter:data1\" content=\"2 minutes\">\n<script type=\"application\/ld+json\" class=\"yoast-schema-graph\">{\"@context\":\"https:\/\/schema.org\",\"@graph\":[{\"@type\":\"WebSite\",\"@id\":\"https:\/\/fattoriadimigliarino.it\/#website\",\"url\":\"https:\/\/fattoriadimigliarino.it\/\",\"name\":\"Fattoria di Migliarino\",\"description\":\"\",\"potentialAction\":[{\"@type\":\"SearchAction\",\"target\":\"https:\/\/fattoriadimigliarino.it\/?s={search_term_string}\",\"query-input\":\"required name=search_term_string\"}],\"inLanguage\":\"fr-FR\"},{\"@type\":\"WebPage\",\"@id\":\"https:\/\/fattoriadimigliarino.it\/it\/fuori-porta\/#webpage\",\"url\":\"https:\/\/fattoriadimigliarino.it\/it\/fuori-porta\/\",\"name\":\"Fuori Porta - Fattoria di Migliarino\",\"isPartOf\":{\"@id\":\"https:\/\/fattoriadimigliarino.it\/#website\"},\"datePublished\":\"2021-01-25T11:38:00+00:00\",\"dateModified\":\"2021-03-23T10:49:23+00:00\",\"breadcrumb\":{\"@id\":\"https:\/\/fattoriadimigliarino.it\/it\/fuori-porta\/#breadcrumb\"},\"inLanguage\":\"fr-FR\",\"potentialAction\":[{\"@type\":\"ReadAction\",\"target\":[\"https:\/\/fattoriadimigliarino.it\/it\/fuori-porta\/\"]}]},{\"@type\":\"BreadcrumbList\",\"@id\":\"https:\/\/fattoriadimigliarino.it\/it\/fuori-porta\/#breadcrumb\",\"itemListElement\":[{\"@type\":\"ListItem\",\"position\":1,\"item\":{\"@type\":\"WebPage\",\"@id\":\"https:\/\/fattoriadimigliarino.it\/it\/\",\"url\":\"https:\/\/fattoriadimigliarino.it\/it\/\",\"name\":\"Home\"}},{\"@type\":\"ListItem\",\"position\":2,\"item\":{\"@id\":\"https:\/\/fattoriadimigliarino.it\/it\/fuori-porta\/#webpage\"}}]}]}<\/script>\n<!-- \/ Yoast SEO plugin. -->","_links":{"self":[{"href":"http:\/\/fattoriadimigliarino.it\/fr\/wp-json\/wp\/v2\/pages\/1671"}],"collection":[{"href":"http:\/\/fattoriadimigliarino.it\/fr\/wp-json\/wp\/v2\/pages"}],"about":[{"href":"http:\/\/fattoriadimigliarino.it\/fr\/wp-json\/wp\/v2\/types\/page"}],"author":[{"embeddable":true,"href":"http:\/\/fattoriadimigliarino.it\/fr\/wp-json\/wp\/v2\/users\/1"}],"replies":[{"embeddable":true,"href":"http:\/\/fattoriadimigliarino.it\/fr\/wp-json\/wp\/v2\/comments?post=1671"}],"version-history":[{"count":21,"href":"http:\/\/fattoriadimigliarino.it\/fr\/wp-json\/wp\/v2\/pages\/1671\/revisions"}],"predecessor-version":[{"id":1825,"href":"http:\/\/fattoriadimigliarino.it\/fr\/wp-json\/wp\/v2\/pages\/1671\/revisions\/1825"}],"wp:attachment":[{"href":"http:\/\/fattoriadimigliarino.it\/fr\/wp-json\/wp\/v2\/media?parent=1671"}],"curies":[{"name":"wp","href":"https:\/\/api.w.org\/{rel}","templated":true}]}}