{"id":1657,"date":"2021-01-25T11:56:45","date_gmt":"2021-01-25T10:56:45","guid":{"rendered":"https:\/\/fattoriadimigliarino.it\/?page_id=1657"},"modified":"2021-03-02T14:41:15","modified_gmt":"2021-03-02T13:41:15","slug":"beauty-farm","status":"publish","type":"page","link":"https:\/\/fattoriadimigliarino.it\/fr\/beauty-farm\/","title":{"rendered":"Beauty Farm"},"content":{"rendered":"<div class=\"vc_row wpb_row vc_row-fluid vc_custom_1611573038734\"><div class=\"wpb_column vc_column_container vc_col-sm-12\"><div class=\"vc_column-inner\"><div class=\"wpb_wrapper\"><div id=\"ultimate-heading-9169f8a2203b371\" class=\"uvc-heading ult-adjust-bottom-margin ultimate-heading-9169f8a2203b371 uvc-3057  uvc-heading-default-font-sizes\" data-hspacer=\"no_spacer\"  data-halign=\"center\" style=\"text-align:center\"><div class=\"uvc-heading-spacer no_spacer\" style=\"top\"><\/div><div class=\"uvc-main-heading ult-responsive\"  data-ultimate-target='.uvc-heading.ultimate-heading-9169f8a2203b371 h2'  data-responsive-json-new='{\"font-size\":\"\",\"line-height\":\"\"}' ><h2 style=\"--font-weight:theme;margin-top:-80px;\">Anima il Corpo<\/h2><\/div><\/div><div id=\"ultimate-heading-639969f8a2203b3b7\" class=\"uvc-heading ult-adjust-bottom-margin ultimate-heading-639969f8a2203b3b7 uvc-4100  uvc-heading-default-font-sizes\" data-hspacer=\"no_spacer\"  data-halign=\"center\" style=\"text-align:center\"><div class=\"uvc-heading-spacer no_spacer\" style=\"top\"><\/div><div class=\"uvc-sub-heading ult-responsive\"  data-ultimate-target='.uvc-heading.ultimate-heading-639969f8a2203b3b7 .uvc-sub-heading '  data-responsive-json-new='{\"font-size\":\"\",\"line-height\":\"\"}'  style=\"font-weight:normal;margin-top:20px;margin-bottom:40px;\"><span style=\"font-family: Lato, sans-serif;\"><span lang=\"en-US\">La Beauty Farm est install\u00e9e dans un chalet qui fait partie de la grande structure de la ferme Migliarino. C'est une petite oasis o\u00f9 vous pouvez vous r\u00e9g\u00e9n\u00e9rer et vous d\u00e9tendre, en profitant des nombreux services offerts tels que les massages, le sauna et les traitements de bien-\u00eatre et holistiques.<\/span><\/span><\/div><\/div><div class=\"vc_row wpb_row vc_inner vc_row-fluid vc_custom_1611573234867\"><div class=\"wpb_column vc_column_container vc_col-sm-12\"><div class=\"vc_column-inner\"><div class=\"wpb_wrapper\"><style type=\"text\/css\" data-type=\"the7_shortcodes-inline-css\">.shortcode-single-image-wrap.shortcode-single-image-662e6f29cc286cac7added9aff44c9d6.enable-bg-rollover .rollover i,\n.shortcode-single-image-wrap.shortcode-single-image-662e6f29cc286cac7added9aff44c9d6.enable-bg-rollover .rollover-video i {\n  background: ;\n  background: -webkit-linear-gradient();\n  background: linear-gradient();\n}\n.shortcode-single-image-wrap.shortcode-single-image-662e6f29cc286cac7added9aff44c9d6 .rollover-icon {\n  font-size: 32px;\n  color: #ffffff;\n  min-width: 44px;\n  min-height: 44px;\n  line-height: 44px;\n  border-radius: 100px;\n  border-style: solid;\n  border-width: 0px;\n}\n.dt-icon-bg-on.shortcode-single-image-wrap.shortcode-single-image-662e6f29cc286cac7added9aff44c9d6 .rollover-icon {\n  background: rgba(255,255,255,0.3);\n  box-shadow: none;\n}\n<\/style><div class=\"shortcode-single-image-wrap shortcode-single-image-662e6f29cc286cac7added9aff44c9d6 alignnone  enable-bg-rollover dt-icon-bg-off\" style=\"margin-top:0px; margin-bottom:0px; margin-left:0px; margin-right:0px; width:1600px;\"><div class=\"shortcode-single-image\"><div class=\"fancy-media-wrap  layzr-bg\" style=\"\"><img class=\"preload-me lazy-load\" src=\"data:image\/svg+xml,%3Csvg%20xmlns%3D&#39;http%3A%2F%2Fwww.w3.org%2F2000%2Fsvg&#39;%20viewBox%3D&#39;0%200%201600%201200&#39;%2F%3E\" data-src=\"https:\/\/fattoriadimigliarino.it\/wp-content\/uploads\/2021\/02\/beautyarm2.jpeg\" data-srcset=\"https:\/\/fattoriadimigliarino.it\/wp-content\/uploads\/2021\/02\/beautyarm2.jpeg 1600w\" width=\"1600\" height=\"1200\"  data-dt-location=\"https:\/\/fattoriadimigliarino.it\/fr\/beauty-farm\/beautyarm2\/\" style=\"\" alt=\"\" \/><\/div><\/div><\/div><\/div><\/div><\/div><\/div><div class=\"ubtn-ctn-center\"><a class=\"ubtn-link ult-adjust-bottom-margin ubtn-center ubtn-block\" href=\"https:\/\/animailcorpo.it\" title=\"Anima il corpo\" ><button type=\"button\" id=\"ubtn-8869\"  class=\"ubtn ult-adjust-bottom-margin ult-responsive ubtn-block ubtn-top-bg  ulta-hover  ubtn-center   tooltip-69f8a2203fbc5 ubtn-block\"  data-hover=\"\" data-border-color=\"\" data-bg=\"#f9a600\" data-hover-bg=\"#f9cc70\" data-border-hover=\"\" data-shadow-hover=\"\" data-shadow-click=\"none\" data-shadow=\"\" data-shd-shadow=\"\"  data-ultimate-target='#ubtn-8869'  data-responsive-json-new='{\"font-size\":\"desktop:20px;\",\"line-height\":\"\"}'  style=\"font-family:&#039;Noticia Text&#039;;font-weight:700;border:none;background: #f9a600;color: #000000;\"><span class=\"ubtn-hover\" style=\"background-color:#f9cc70\"><\/span><span class=\"ubtn-data ubtn-text\" >Cliquez ici pour en savoir plus<\/span><\/button><\/a><\/div><\/div><\/div><\/div><\/div>","protected":false},"excerpt":{"rendered":"<p>Anima il CorpoLa Beauty Farm \u00e8 ricavata all\u2019interno di un casolare facente parte dell\u2019ampia struttura della Fattoria di Migliarino. \u00c8 una piccola oasi in cui rigenerarsi e ritrovare relax usufruendo dei molteplici servizi offerti quali massaggi, sauna e trattamenti di benessere e olistici.Clicca qua per saperne di pi\u00f9<\/p>","protected":false},"author":1,"featured_media":0,"parent":0,"menu_order":0,"comment_status":"closed","ping_status":"closed","template":"","meta":[],"yoast_head":"<!-- This site is optimized with the Yoast SEO plugin v16.2 - https:\/\/yoast.com\/wordpress\/plugins\/seo\/ -->\n<title>Beauty Farm - Fattoria di Migliarino<\/title>\n<meta name=\"robots\" content=\"index, follow, max-snippet:-1, max-image-preview:large, max-video-preview:-1\" \/>\n<link rel=\"canonical\" href=\"https:\/\/fattoriadimigliarino.it\/fr\/beauty-farm\/\" \/>\n<meta property=\"og:locale\" content=\"fr_FR\" \/>\n<meta property=\"og:type\" content=\"article\" \/>\n<meta property=\"og:title\" content=\"Beauty Farm - Fattoria di Migliarino\" \/>\n<meta property=\"og:url\" content=\"https:\/\/fattoriadimigliarino.it\/fr\/beauty-farm\/\" \/>\n<meta property=\"og:site_name\" content=\"Fattoria di Migliarino\" \/>\n<meta property=\"article:modified_time\" content=\"2021-03-02T13:41:15+00:00\" \/>\n<meta name=\"twitter:card\" content=\"summary_large_image\" \/>\n<meta name=\"twitter:label1\" content=\"Dur\u00e9e de lecture est.\">\n\t<meta name=\"twitter:data1\" content=\"1 minute\">\n<script type=\"application\/ld+json\" class=\"yoast-schema-graph\">{\"@context\":\"https:\/\/schema.org\",\"@graph\":[{\"@type\":\"WebSite\",\"@id\":\"https:\/\/fattoriadimigliarino.it\/#website\",\"url\":\"https:\/\/fattoriadimigliarino.it\/\",\"name\":\"Fattoria di Migliarino\",\"description\":\"\",\"potentialAction\":[{\"@type\":\"SearchAction\",\"target\":\"https:\/\/fattoriadimigliarino.it\/?s={search_term_string}\",\"query-input\":\"required name=search_term_string\"}],\"inLanguage\":\"fr-FR\"},{\"@type\":\"WebPage\",\"@id\":\"https:\/\/fattoriadimigliarino.it\/it\/beauty-farm\/#webpage\",\"url\":\"https:\/\/fattoriadimigliarino.it\/it\/beauty-farm\/\",\"name\":\"Beauty Farm - Fattoria di Migliarino\",\"isPartOf\":{\"@id\":\"https:\/\/fattoriadimigliarino.it\/#website\"},\"datePublished\":\"2021-01-25T10:56:45+00:00\",\"dateModified\":\"2021-03-02T13:41:15+00:00\",\"breadcrumb\":{\"@id\":\"https:\/\/fattoriadimigliarino.it\/it\/beauty-farm\/#breadcrumb\"},\"inLanguage\":\"fr-FR\",\"potentialAction\":[{\"@type\":\"ReadAction\",\"target\":[\"https:\/\/fattoriadimigliarino.it\/it\/beauty-farm\/\"]}]},{\"@type\":\"BreadcrumbList\",\"@id\":\"https:\/\/fattoriadimigliarino.it\/it\/beauty-farm\/#breadcrumb\",\"itemListElement\":[{\"@type\":\"ListItem\",\"position\":1,\"item\":{\"@type\":\"WebPage\",\"@id\":\"https:\/\/fattoriadimigliarino.it\/it\/\",\"url\":\"https:\/\/fattoriadimigliarino.it\/it\/\",\"name\":\"Home\"}},{\"@type\":\"ListItem\",\"position\":2,\"item\":{\"@id\":\"https:\/\/fattoriadimigliarino.it\/it\/beauty-farm\/#webpage\"}}]}]}<\/script>\n<!-- \/ Yoast SEO plugin. -->","_links":{"self":[{"href":"https:\/\/fattoriadimigliarino.it\/fr\/wp-json\/wp\/v2\/pages\/1657"}],"collection":[{"href":"https:\/\/fattoriadimigliarino.it\/fr\/wp-json\/wp\/v2\/pages"}],"about":[{"href":"https:\/\/fattoriadimigliarino.it\/fr\/wp-json\/wp\/v2\/types\/page"}],"author":[{"embeddable":true,"href":"https:\/\/fattoriadimigliarino.it\/fr\/wp-json\/wp\/v2\/users\/1"}],"replies":[{"embeddable":true,"href":"https:\/\/fattoriadimigliarino.it\/fr\/wp-json\/wp\/v2\/comments?post=1657"}],"version-history":[{"count":13,"href":"https:\/\/fattoriadimigliarino.it\/fr\/wp-json\/wp\/v2\/pages\/1657\/revisions"}],"predecessor-version":[{"id":1802,"href":"https:\/\/fattoriadimigliarino.it\/fr\/wp-json\/wp\/v2\/pages\/1657\/revisions\/1802"}],"wp:attachment":[{"href":"https:\/\/fattoriadimigliarino.it\/fr\/wp-json\/wp\/v2\/media?parent=1657"}],"curies":[{"name":"wp","href":"https:\/\/api.w.org\/{rel}","templated":true}]}}